{"id":4879,"date":"2024-01-12T13:44:14","date_gmt":"2024-01-12T13:44:14","guid":{"rendered":"https:\/\/seybold-report.com\/?page_id=4879"},"modified":"2024-01-12T13:50:11","modified_gmt":"2024-01-12T13:50:11","slug":"zeynalov","status":"publish","type":"page","link":"https:\/\/seybold-report.com\/index.php\/zeynalov\/","title":{"rendered":"Zeynalov"},"content":{"rendered":"\t\t<div data-elementor-type=\"wp-page\" data-elementor-id=\"4879\" class=\"elementor elementor-4879\">\n\t\t\t\t\t\t\t\t\t<section class=\"elementor-section elementor-top-section elementor-element elementor-element-dcb33ff elementor-section-boxed elementor-section-height-default elementor-section-height-default\" data-id=\"dcb33ff\" data-element_type=\"section\">\n\t\t\t\t\t\t<div class=\"elementor-container elementor-column-gap-default\">\n\t\t\t\t\t<div class=\"elementor-column elementor-col-100 elementor-top-column elementor-element elementor-element-2cfc172\" data-id=\"2cfc172\" data-element_type=\"column\">\n\t\t\t<div class=\"elementor-widget-wrap\">\n\t\t\t\t\t\t\t\t\t<\/div>\n\t\t<\/div>\n\t\t\t\t\t\t\t<\/div>\n\t\t<\/section>\n\t\t\t\t<section class=\"elementor-section elementor-top-section elementor-element elementor-element-905efc4 elementor-section-boxed elementor-section-height-default elementor-section-height-default\" data-id=\"905efc4\" data-element_type=\"section\" data-settings=\"{&quot;background_background&quot;:&quot;classic&quot;}\">\n\t\t\t\t\t\t<div class=\"elementor-container elementor-column-gap-default\">\n\t\t\t\t\t<div class=\"elementor-column elementor-col-100 elementor-top-column elementor-element elementor-element-f3745f1\" data-id=\"f3745f1\" data-element_type=\"column\">\n\t\t\t<div class=\"elementor-widget-wrap elementor-element-populated\">\n\t\t\t\t\t\t\t\t<div class=\"elementor-element elementor-element-62a0ce0 elementor-widget elementor-widget-text-editor\" data-id=\"62a0ce0\" data-element_type=\"widget\" data-widget_type=\"text-editor.default\">\n\t\t\t\t<div class=\"elementor-widget-container\">\n\t\t\t<style>\/*! elementor - v3.18.0 - 20-12-2023 *\/\n.elementor-widget-text-editor.elementor-drop-cap-view-stacked .elementor-drop-cap{background-color:#69727d;color:#fff}.elementor-widget-text-editor.elementor-drop-cap-view-framed .elementor-drop-cap{color:#69727d;border:3px solid;background-color:transparent}.elementor-widget-text-editor:not(.elementor-drop-cap-view-default) .elementor-drop-cap{margin-top:8px}.elementor-widget-text-editor:not(.elementor-drop-cap-view-default) .elementor-drop-cap-letter{width:1em;height:1em}.elementor-widget-text-editor .elementor-drop-cap{float:left;text-align:center;line-height:1;font-size:50px}.elementor-widget-text-editor .elementor-drop-cap-letter{display:inline-block}<\/style>\t\t\t\t<h5><strong>TITLE:\u00a0 \u00a0 \u00a0 \u00a0 \u00a0 \u00a0 \u00a0 \u00a0<\/strong><\/h5><p><a href=\"https:\/\/seybold-report.com\/\"><strong>THE STUDY OF THE ECOLOG\u0130CAL TECHNOLOGY \u0130NTENS\u0130TY OF THE TERR\u0130TORY AND THE \u0130NFLUENCE OF ANTHROPOGEN\u0130C FACTORS<\/strong><\/a><\/p><p><strong>AUTHORS:\u00a0 \u00a0 \u00a0<\/strong><\/p><p><strong>Zeynalov E.J. , Hajiyev N.M., Aliyev O.R<sup>3<\/sup>., Allazov A.Sh., Ibrahimov A.Z., Nuhuyeva S.Sh., Aliyeva A.Sh.<\/strong><\/p><p><strong>DOI<\/strong>:\u00a0<a href=\"https:\/\/doi-ojs.org\/10-5110-77-1096\/\"> 10.5110\/77. 1096<\/a>\u00a0 \u00a0 \u00a0 \u00a0 \u00a0 \u00a0 \u00a0 \u00a0<strong>Page:\u00a0 \u00a060-71<\/strong>\u00a0 \u00a0 \u00a0 \u00a0 \u00a0 \u00a0<strong>\u00a0Vol:<\/strong> 19\u00a0 \u00a0 <strong>Issue:<\/strong> 01\u00a0 \u00a0<strong>Year:<\/strong> 2024<\/p><p><img decoding=\"async\" class=\"alignnone wp-image-3235\" src=\"https:\/\/seybold-report.com\/wp-content\/uploads\/2023\/10\/creative-commons-cc-character-785334-300x300.png\" alt=\"creative commons, cc, character-785334.jpg\" width=\"26\" height=\"26\" srcset=\"https:\/\/seybold-report.com\/wp-content\/uploads\/2023\/10\/creative-commons-cc-character-785334-300x300.png 300w, https:\/\/seybold-report.com\/wp-content\/uploads\/2023\/10\/creative-commons-cc-character-785334-1022x1024.png 1022w, https:\/\/seybold-report.com\/wp-content\/uploads\/2023\/10\/creative-commons-cc-character-785334-150x150.png 150w, https:\/\/seybold-report.com\/wp-content\/uploads\/2023\/10\/creative-commons-cc-character-785334-768x769.png 768w, https:\/\/seybold-report.com\/wp-content\/uploads\/2023\/10\/creative-commons-cc-character-785334.png 1278w\" sizes=\"(max-width: 26px) 100vw, 26px\" \/>\u00a0 \u00a0<img decoding=\"async\" class=\"alignnone size-medium wp-image-1242\" src=\"https:\/\/seybold-report.com\/wp-content\/uploads\/2023\/06\/kjk-e1687889230616-300x14.png\" alt=\"\" width=\"300\" height=\"14\" srcset=\"https:\/\/seybold-report.com\/wp-content\/uploads\/2023\/06\/kjk-e1687889230616-300x14.png 300w, https:\/\/seybold-report.com\/wp-content\/uploads\/2023\/06\/kjk-e1687889230616-768x36.png 768w, https:\/\/seybold-report.com\/wp-content\/uploads\/2023\/06\/kjk-e1687889230616.png 900w\" sizes=\"(max-width: 300px) 100vw, 300px\" \/><\/p><p><strong>ABSTRACT<\/strong><\/p><p>The conducted research allows us to build a conceptual model of the secondary use of resources in a closed cycle of agricultural production. The effective functioning of agricultural enterprises is at a level that can play an important role in its implementation towards the goals of sustainable development of the country&#8217;s economy based on the principles of applied ecology. The impact of environmentally and economically efficient use of waste on the ecological and economic potential of agricultural enterprises was determined by the use of innovative environmental management technologies.A comprehensive analysis of the negative impact of the system of using existing means of mechanization on the environment of the technological potential of agriculture, the technical load, as well as the interaction of the level of technical equipment of agricultural enterprises and the scope of application of agricultural machinery is carried out. definite. In scientific research, the environmental technology intensity of territories in agricultural areas of the republic, the definition of limits of man-made loads can be assessed as a scientific innovation, and the definition and implementation of measures to reduce harmful effects are of great practical importance.<\/p><p><strong>Keywords:<\/strong><\/p><p>Ecological technoadapdation, Utilization of nature, Antropogenic factors, Technological load, Innovative technology.<\/p><p><a href=\"#\"><strong>Received<\/strong>:<\/a> 20 December 2023<\/p><p><a href=\"#\"><strong>Accepted:<\/strong><\/a> 03 January 2023<\/p><p><a href=\"#\"> <strong>Published:<\/strong><\/a> 13 January 2024<\/p>\t\t\t\t\t\t<\/div>\n\t\t\t\t<\/div>\n\t\t\t\t<div class=\"elementor-element elementor-element-1c55691 elementor-widget elementor-widget-button\" data-id=\"1c55691\" data-element_type=\"widget\" data-widget_type=\"button.default\">\n\t\t\t\t<div class=\"elementor-widget-container\">\n\t\t\t\t\t<div class=\"elementor-button-wrapper\">\n\t\t\t<a class=\"elementor-button elementor-button-link elementor-size-md\" href=\"https:\/\/seybold-report.com\/wp-content\/uploads\/2024\/01\/Zeynalov132.pdf\">\n\t\t\t\t\t\t<span class=\"elementor-button-content-wrapper\">\n\t\t\t\t\t\t<span class=\"elementor-button-icon elementor-align-icon-left\">\n\t\t\t\t<i aria-hidden=\"true\" class=\"far fa-file-pdf\"><\/i>\t\t\t<\/span>\n\t\t\t\t\t\t<span class=\"elementor-button-text\">PDF<\/span>\n\t\t<\/span>\n\t\t\t\t\t<\/a>\n\t\t<\/div>\n\t\t\t\t<\/div>\n\t\t\t\t<\/div>\n\t\t\t\t\t<\/div>\n\t\t<\/div>\n\t\t\t\t\t\t\t<\/div>\n\t\t<\/section>\n\t\t\t\t<section class=\"elementor-section elementor-top-section elementor-element elementor-element-fd7d256 elementor-section-boxed elementor-section-height-default elementor-section-height-default\" data-id=\"fd7d256\" data-element_type=\"section\" data-settings=\"{&quot;background_background&quot;:&quot;classic&quot;}\">\n\t\t\t\t\t\t<div class=\"elementor-container elementor-column-gap-default\">\n\t\t\t\t\t<div class=\"elementor-column elementor-col-100 elementor-top-column elementor-element elementor-element-2a6b5b0\" data-id=\"2a6b5b0\" data-element_type=\"column\">\n\t\t\t<div class=\"elementor-widget-wrap elementor-element-populated\">\n\t\t\t\t\t\t\t\t<div class=\"elementor-element elementor-element-b86c707 elementor-widget elementor-widget-image\" data-id=\"b86c707\" data-element_type=\"widget\" data-widget_type=\"image.default\">\n\t\t\t\t<div class=\"elementor-widget-container\">\n\t\t\t<style>\/*! elementor - v3.18.0 - 20-12-2023 *\/\n.elementor-widget-image{text-align:center}.elementor-widget-image a{display:inline-block}.elementor-widget-image a img[src$=\".svg\"]{width:48px}.elementor-widget-image img{vertical-align:middle;display:inline-block}<\/style>\t\t\t\t\t\t\t\t\t\t\t\t<img decoding=\"async\" width=\"150\" height=\"150\" src=\"https:\/\/seybold-report.com\/wp-content\/uploads\/2023\/07\/ddds-e1688811920951-150x150.jpg\" class=\"attachment-thumbnail size-thumbnail wp-image-2318\" alt=\"\" \/>\t\t\t\t\t\t\t\t\t\t\t\t\t\t\t<\/div>\n\t\t\t\t<\/div>\n\t\t\t\t\t<\/div>\n\t\t<\/div>\n\t\t\t\t\t\t\t<\/div>\n\t\t<\/section>\n\t\t\t\t\t\t\t<\/div>\n\t\t","protected":false},"excerpt":{"rendered":"<p>TITLE:\u00a0 \u00a0 \u00a0 \u00a0 \u00a0 \u00a0 \u00a0 \u00a0 THE STUDY OF THE ECOLOG\u0130CAL TECHNOLOGY \u0130NTENS\u0130TY OF THE TERR\u0130TORY AND THE \u0130NFLUENCE OF ANTHROPOGEN\u0130C FACTORS AUTHORS:\u00a0 \u00a0 \u00a0 Zeynalov E.J. , Hajiyev N.M., Aliyev O.R3., Allazov A.Sh., Ibrahimov A.Z., Nuhuyeva S.Sh., Aliyeva A.Sh. DOI:\u00a0 10.5110\/77. 1096\u00a0 \u00a0 \u00a0 \u00a0 \u00a0 \u00a0 \u00a0 \u00a0Page:\u00a0 \u00a060-71\u00a0 \u00a0 \u00a0 &hellip;<\/p>\n<p class=\"read-more\"> <a class=\"\" href=\"https:\/\/seybold-report.com\/index.php\/zeynalov\/\"> <span class=\"screen-reader-text\">Zeynalov<\/span> Read More &raquo;<\/a><\/p>\n","protected":false},"author":1,"featured_media":0,"parent":0,"menu_order":0,"comment_status":"closed","ping_status":"closed","template":"","meta":{"site-sidebar-layout":"no-sidebar","site-content-layout":"page-builder","ast-global-header-display":"","ast-banner-title-visibility":"","ast-main-header-display":"","ast-hfb-above-header-display":"","ast-hfb-below-header-display":"","ast-hfb-mobile-header-display":"","site-post-title":"disabled","ast-breadcrumbs-content":"","ast-featured-img":"disabled","footer-sml-layout":"","theme-transparent-header-meta":"","adv-header-id-meta":"","stick-header-meta":"","header-above-stick-meta":"","header-main-stick-meta":"","header-below-stick-meta":"","footnotes":""},"class_list":["post-4879","page","type-page","status-publish","hentry"],"yoast_head":"<!-- This site is optimized with the Yoast SEO plugin v21.7 - https:\/\/yoast.com\/wordpress\/plugins\/seo\/ -->\n<title>Zeynalov - Seybold Report Journal<\/title>\n<meta name=\"description\" content=\"Seybold Report Journal \u200bis an Interdisciplinary research journal in the fields of Business, Management, Entrepreneurship, Law, Computer Science &amp; Engineering, Agriculture &amp; its allied fields, and Economic sciences.\" \/>\n<meta name=\"robots\" content=\"index, follow, max-snippet:-1, max-image-preview:large, max-video-preview:-1\" \/>\n<link rel=\"canonical\" href=\"https:\/\/seybold-report.com\/index.php\/zeynalov\/\" \/>\n<meta property=\"og:locale\" content=\"en_US\" \/>\n<meta property=\"og:type\" content=\"article\" \/>\n<meta property=\"og:title\" content=\"Zeynalov - Seybold Report Journal\" \/>\n<meta property=\"og:description\" content=\"Seybold Report Journal \u200bis an Interdisciplinary research journal in the fields of Business, Management, Entrepreneurship, Law, Computer Science &amp; Engineering, Agriculture &amp; its allied fields, and Economic sciences.\" \/>\n<meta property=\"og:url\" content=\"https:\/\/seybold-report.com\/index.php\/zeynalov\/\" \/>\n<meta property=\"og:site_name\" content=\"Seybold Report Journal\" \/>\n<meta property=\"article:modified_time\" content=\"2024-01-12T13:50:11+00:00\" \/>\n<meta property=\"og:image\" content=\"https:\/\/seybold-report.com\/wp-content\/uploads\/2023\/10\/creative-commons-cc-character-785334-300x300.png\" \/>\n<meta name=\"twitter:card\" content=\"summary_large_image\" \/>\n<meta name=\"twitter:label1\" content=\"Est. reading time\" \/>\n\t<meta name=\"twitter:data1\" content=\"2 minutes\" \/>\n<script type=\"application\/ld+json\" class=\"yoast-schema-graph\">{\"@context\":\"https:\/\/schema.org\",\"@graph\":[{\"@type\":\"WebPage\",\"@id\":\"https:\/\/seybold-report.com\/index.php\/zeynalov\/\",\"url\":\"https:\/\/seybold-report.com\/index.php\/zeynalov\/\",\"name\":\"Zeynalov - Seybold Report Journal\",\"isPartOf\":{\"@id\":\"https:\/\/seybold-report.com\/#website\"},\"datePublished\":\"2024-01-12T13:44:14+00:00\",\"dateModified\":\"2024-01-12T13:50:11+00:00\",\"description\":\"Seybold Report Journal \u200bis an Interdisciplinary research journal in the fields of Business, Management, Entrepreneurship, Law, Computer Science & Engineering, Agriculture & its allied fields, and Economic sciences.\",\"breadcrumb\":{\"@id\":\"https:\/\/seybold-report.com\/index.php\/zeynalov\/#breadcrumb\"},\"inLanguage\":\"en-US\",\"potentialAction\":[{\"@type\":\"ReadAction\",\"target\":[\"https:\/\/seybold-report.com\/index.php\/zeynalov\/\"]}]},{\"@type\":\"BreadcrumbList\",\"@id\":\"https:\/\/seybold-report.com\/index.php\/zeynalov\/#breadcrumb\",\"itemListElement\":[{\"@type\":\"ListItem\",\"position\":1,\"name\":\"Home\",\"item\":\"https:\/\/seybold-report.com\/\"},{\"@type\":\"ListItem\",\"position\":2,\"name\":\"Zeynalov\"}]},{\"@type\":\"WebSite\",\"@id\":\"https:\/\/seybold-report.com\/#website\",\"url\":\"https:\/\/seybold-report.com\/\",\"name\":\"Seybold Report Journal\",\"description\":\"Seybold Report Journal\",\"publisher\":{\"@id\":\"https:\/\/seybold-report.com\/#organization\"},\"alternateName\":\"Seybold Report Journal\",\"potentialAction\":[{\"@type\":\"SearchAction\",\"target\":{\"@type\":\"EntryPoint\",\"urlTemplate\":\"https:\/\/seybold-report.com\/?s={search_term_string}\"},\"query-input\":\"required name=search_term_string\"}],\"inLanguage\":\"en-US\"},{\"@type\":\"Organization\",\"@id\":\"https:\/\/seybold-report.com\/#organization\",\"name\":\"Seybold Publications\",\"alternateName\":\"Seybold Report Journal\",\"url\":\"https:\/\/seybold-report.com\/\",\"logo\":{\"@type\":\"ImageObject\",\"inLanguage\":\"en-US\",\"@id\":\"https:\/\/seybold-report.com\/#\/schema\/logo\/image\/\",\"url\":\"https:\/\/seybold-report.com\/wp-content\/uploads\/2023\/07\/cropped-Screenshot-2022-12-27-112122.png\",\"contentUrl\":\"https:\/\/seybold-report.com\/wp-content\/uploads\/2023\/07\/cropped-Screenshot-2022-12-27-112122.png\",\"width\":485,\"height\":240,\"caption\":\"Seybold Publications\"},\"image\":{\"@id\":\"https:\/\/seybold-report.com\/#\/schema\/logo\/image\/\"}}]}<\/script>\n<!-- \/ Yoast SEO plugin. -->","yoast_head_json":{"title":"Zeynalov - Seybold Report Journal","description":"Seybold Report Journal \u200bis an Interdisciplinary research journal in the fields of Business, Management, Entrepreneurship, Law, Computer Science & Engineering, Agriculture & its allied fields, and Economic sciences.","robots":{"index":"index","follow":"follow","max-snippet":"max-snippet:-1","max-image-preview":"max-image-preview:large","max-video-preview":"max-video-preview:-1"},"canonical":"https:\/\/seybold-report.com\/index.php\/zeynalov\/","og_locale":"en_US","og_type":"article","og_title":"Zeynalov - Seybold Report Journal","og_description":"Seybold Report Journal \u200bis an Interdisciplinary research journal in the fields of Business, Management, Entrepreneurship, Law, Computer Science & Engineering, Agriculture & its allied fields, and Economic sciences.","og_url":"https:\/\/seybold-report.com\/index.php\/zeynalov\/","og_site_name":"Seybold Report Journal","article_modified_time":"2024-01-12T13:50:11+00:00","og_image":[{"url":"https:\/\/seybold-report.com\/wp-content\/uploads\/2023\/10\/creative-commons-cc-character-785334-300x300.png"}],"twitter_card":"summary_large_image","twitter_misc":{"Est. reading time":"2 minutes"},"schema":{"@context":"https:\/\/schema.org","@graph":[{"@type":"WebPage","@id":"https:\/\/seybold-report.com\/index.php\/zeynalov\/","url":"https:\/\/seybold-report.com\/index.php\/zeynalov\/","name":"Zeynalov - Seybold Report Journal","isPartOf":{"@id":"https:\/\/seybold-report.com\/#website"},"datePublished":"2024-01-12T13:44:14+00:00","dateModified":"2024-01-12T13:50:11+00:00","description":"Seybold Report Journal \u200bis an Interdisciplinary research journal in the fields of Business, Management, Entrepreneurship, Law, Computer Science & Engineering, Agriculture & its allied fields, and Economic sciences.","breadcrumb":{"@id":"https:\/\/seybold-report.com\/index.php\/zeynalov\/#breadcrumb"},"inLanguage":"en-US","potentialAction":[{"@type":"ReadAction","target":["https:\/\/seybold-report.com\/index.php\/zeynalov\/"]}]},{"@type":"BreadcrumbList","@id":"https:\/\/seybold-report.com\/index.php\/zeynalov\/#breadcrumb","itemListElement":[{"@type":"ListItem","position":1,"name":"Home","item":"https:\/\/seybold-report.com\/"},{"@type":"ListItem","position":2,"name":"Zeynalov"}]},{"@type":"WebSite","@id":"https:\/\/seybold-report.com\/#website","url":"https:\/\/seybold-report.com\/","name":"Seybold Report Journal","description":"Seybold Report Journal","publisher":{"@id":"https:\/\/seybold-report.com\/#organization"},"alternateName":"Seybold Report Journal","potentialAction":[{"@type":"SearchAction","target":{"@type":"EntryPoint","urlTemplate":"https:\/\/seybold-report.com\/?s={search_term_string}"},"query-input":"required name=search_term_string"}],"inLanguage":"en-US"},{"@type":"Organization","@id":"https:\/\/seybold-report.com\/#organization","name":"Seybold Publications","alternateName":"Seybold Report Journal","url":"https:\/\/seybold-report.com\/","logo":{"@type":"ImageObject","inLanguage":"en-US","@id":"https:\/\/seybold-report.com\/#\/schema\/logo\/image\/","url":"https:\/\/seybold-report.com\/wp-content\/uploads\/2023\/07\/cropped-Screenshot-2022-12-27-112122.png","contentUrl":"https:\/\/seybold-report.com\/wp-content\/uploads\/2023\/07\/cropped-Screenshot-2022-12-27-112122.png","width":485,"height":240,"caption":"Seybold Publications"},"image":{"@id":"https:\/\/seybold-report.com\/#\/schema\/logo\/image\/"}}]}},"_links":{"self":[{"href":"https:\/\/seybold-report.com\/index.php\/wp-json\/wp\/v2\/pages\/4879","targetHints":{"allow":["GET"]}}],"collection":[{"href":"https:\/\/seybold-report.com\/index.php\/wp-json\/wp\/v2\/pages"}],"about":[{"href":"https:\/\/seybold-report.com\/index.php\/wp-json\/wp\/v2\/types\/page"}],"author":[{"embeddable":true,"href":"https:\/\/seybold-report.com\/index.php\/wp-json\/wp\/v2\/users\/1"}],"replies":[{"embeddable":true,"href":"https:\/\/seybold-report.com\/index.php\/wp-json\/wp\/v2\/comments?post=4879"}],"version-history":[{"count":23,"href":"https:\/\/seybold-report.com\/index.php\/wp-json\/wp\/v2\/pages\/4879\/revisions"}],"predecessor-version":[{"id":4909,"href":"https:\/\/seybold-report.com\/index.php\/wp-json\/wp\/v2\/pages\/4879\/revisions\/4909"}],"wp:attachment":[{"href":"https:\/\/seybold-report.com\/index.php\/wp-json\/wp\/v2\/media?parent=4879"}],"curies":[{"name":"wp","href":"https:\/\/api.w.org\/{rel}","templated":true}]}}